{"id":2,"date":"2024-09-09T17:23:03","date_gmt":"2024-09-09T15:23:03","guid":{"rendered":"\/?page_id=2"},"modified":"2025-01-23T12:44:08","modified_gmt":"2025-01-23T11:44:08","slug":"przykladowa-strona","status":"publish","type":"page","link":"https:\/\/fotowoltaikabeztajemnic.pl\/?page_id=2","title":{"rendered":"O naszym blogu"},"content":{"rendered":"<h2>Energia s\u0142oneczna \u2013 przysz\u0142o\u015b\u0107, oszcz\u0119dno\u015b\u0107 i troska o planet\u0119<\/h2>\n<p>Czy wiesz, \u017ce energia s\u0142oneczna to nie tylko przysz\u0142o\u015b\u0107, ale tak\u017ce ogromna szansa na oszcz\u0119dno\u015b\u0107 i ochron\u0119 naszej planety? Je\u015bli zastanawiasz si\u0119, jak mo\u017cesz wykorzysta\u0107 potencja\u0142, jaki daje s\u0142o\u0144ce, nasz blog o fotowoltaice jest idealnym miejscem, by zacz\u0105\u0107 swoj\u0105 przygod\u0119!<\/p>\n<p>Na naszym blogu znajdziesz wszystko, co musisz wiedzie\u0107 o energii odnawialnej i fotowoltaice. Bez wzgl\u0119du na to, czy dopiero rozwa\u017casz instalacj\u0119 paneli s\u0142onecznych, czy ju\u017c z nich korzystasz, nasze artyku\u0142y pomog\u0105 Ci zrozumie\u0107 korzy\u015bci, jakie p\u0142yn\u0105 z tej technologii oraz rozwia\u0107 wszelkie w\u0105tpliwo\u015bci. Dlaczego warto nas czyta\u0107? Pozw\u00f3l, \u017ce przedstawimy kilka powod\u00f3w!<\/p>\n<h3>Co znajdziesz na naszym blogu?<\/h3>\n<p>Na naszym blogu o fotowoltaice przygotowali\u015bmy kompleksowe materia\u0142y, kt\u00f3re pomog\u0105 Ci lepiej zrozumie\u0107, jak dzia\u0142a ta technologia i dlaczego warto z niej korzysta\u0107. Oto kilka temat\u00f3w, kt\u00f3re szczeg\u00f3lnie mog\u0105 Ci\u0119 zainteresowa\u0107:<\/p>\n<ul>\n<li>\n<p><strong>Jak dzia\u0142a fotowoltaika?<\/strong><br \/>Dowiesz si\u0119, w jaki spos\u00f3b promieniowanie s\u0142oneczne przekszta\u0142ca si\u0119 w pr\u0105d elektryczny oraz jakie elementy tworz\u0105 kompletny system fotowoltaiczny \u2013 od paneli, przez inwerter, a\u017c po magazyny energii.<\/p>\n<\/li>\n<li>\n<p><strong>Czy fotowoltaika si\u0119 op\u0142aca?<\/strong><br \/>Rozk\u0142adamy koszty inwestycji na czynniki pierwsze i pokazujemy, jak szybko mo\u017cesz zacz\u0105\u0107 oszcz\u0119dza\u0107 dzi\u0119ki instalacji paneli s\u0142onecznych.<\/p>\n<\/li>\n<li>\n<p><strong>Dotacje i dofinansowania<\/strong><br \/>Informujemy o aktualnych programach wsparcia finansowego, dzi\u0119ki kt\u00f3rym koszty instalacji mog\u0105 by\u0107 znacznie ni\u017csze.<\/p>\n<\/li>\n<li>\n<p><strong>Porady dotycz\u0105ce wyboru paneli i instalator\u00f3w<\/strong><br \/>Podpowiadamy, na co zwr\u00f3ci\u0107 uwag\u0119 przy wyborze paneli fotowoltaicznych, aby unikn\u0105\u0107 problem\u00f3w zwi\u0105zanych z nisk\u0105 jako\u015bci\u0105 czy nieodpowiednim monta\u017cem.<\/p>\n<\/li>\n<\/ul>\n<p><strong>Mity i fakty o energii s\u0142onecznej<\/strong><br \/>Rozwiewamy najcz\u0119stsze w\u0105tpliwo\u015bci i obalamy mity, kt\u00f3re cz\u0119sto zniech\u0119caj\u0105 do korzystania z odnawialnych \u017ar\u00f3de\u0142 energii.<\/p>\n<h3>Zaczynamy wsp\u00f3ln\u0105 podr\u00f3\u017c ku lepszej przysz\u0142o\u015bci! &#x1f30d;<\/h3>\n<p>Nie zwlekaj \u2013 do\u0142\u0105cz do grona os\u00f3b, kt\u00f3re zrozumia\u0142y potencja\u0142 energii s\u0142onecznej i ju\u017c teraz korzystaj\u0105 z jej dobrodziejstw. Na naszym blogu znajdziesz odpowiedzi na wszystkie pytania zwi\u0105zane z fotowoltaik\u0105 oraz praktyczne wskaz\u00f3wki, kt\u00f3re pomog\u0105 Ci w podj\u0119ciu najlepszych decyzji.<\/p>\n<p>Energia s\u0142oneczna to przysz\u0142o\u015b\u0107, oszcz\u0119dno\u015b\u0107 i troska o planet\u0119 \u2013 zacznij swoj\u0105 przygod\u0119 ju\u017c dzi\u015b! &#x1f31e;<\/p>\n","protected":false},"excerpt":{"rendered":"<p>Energia s\u0142oneczna \u2013 przysz\u0142o\u015b\u0107, oszcz\u0119dno\u015b\u0107 i troska o planet\u0119 Czy wiesz, \u017ce energia s\u0142oneczna to nie tylko przysz\u0142o\u015b\u0107, ale tak\u017ce ogromna szansa na oszcz\u0119dno\u015b\u0107 i ochron\u0119 naszej planety? Je\u015bli zastanawiasz si\u0119, jak mo\u017cesz wykorzysta\u0107 potencja\u0142, jaki daje s\u0142o\u0144ce, nasz blog o fotowoltaice jest idealnym miejscem, by zacz\u0105\u0107 swoj\u0105 przygod\u0119! Na naszym blogu znajdziesz wszystko, co<\/p>\n<div class=\"more-link\">\n\t\t\t\t <a href=\"https:\/\/fotowoltaikabeztajemnic.pl\/?page_id=2\" class=\"btn theme-btn\"><span>Read More <\/span><\/a>\n\t\t\t<\/div>\n","protected":false},"author":1,"featured_media":0,"parent":0,"menu_order":0,"comment_status":"closed","ping_status":"open","template":"","meta":{"footnotes":""},"class_list":["post-2","page","type-page","status-publish","hentry"],"_links":{"self":[{"href":"https:\/\/fotowoltaikabeztajemnic.pl\/index.php?rest_route=\/wp\/v2\/pages\/2","targetHints":{"allow":["GET"]}}],"collection":[{"href":"https:\/\/fotowoltaikabeztajemnic.pl\/index.php?rest_route=\/wp\/v2\/pages"}],"about":[{"href":"https:\/\/fotowoltaikabeztajemnic.pl\/index.php?rest_route=\/wp\/v2\/types\/page"}],"author":[{"embeddable":true,"href":"https:\/\/fotowoltaikabeztajemnic.pl\/index.php?rest_route=\/wp\/v2\/users\/1"}],"replies":[{"embeddable":true,"href":"https:\/\/fotowoltaikabeztajemnic.pl\/index.php?rest_route=%2Fwp%2Fv2%2Fcomments&post=2"}],"version-history":[{"count":4,"href":"https:\/\/fotowoltaikabeztajemnic.pl\/index.php?rest_route=\/wp\/v2\/pages\/2\/revisions"}],"predecessor-version":[{"id":35,"href":"https:\/\/fotowoltaikabeztajemnic.pl\/index.php?rest_route=\/wp\/v2\/pages\/2\/revisions\/35"}],"wp:attachment":[{"href":"https:\/\/fotowoltaikabeztajemnic.pl\/index.php?rest_route=%2Fwp%2Fv2%2Fmedia&parent=2"}],"curies":[{"name":"wp","href":"https:\/\/api.w.org\/{rel}","templated":true}]}}